{"id":199,"date":"2018-05-29T09:36:52","date_gmt":"2018-05-29T07:36:52","guid":{"rendered":"http:\/\/rnbtheme.com\/multi\/home\/?page_id=199"},"modified":"2025-06-19T09:50:09","modified_gmt":"2025-06-19T07:50:09","slug":"home","status":"publish","type":"page","link":"https:\/\/www.weingut-hinteregger.at\/AT\/","title":{"rendered":"home"},"content":{"rendered":"<div class=\"wpb-content-wrapper\"><p>[vc_row dfd_enable_overlay=&#8220;&#8220; dfd_row_config=&#8220;full_width_content&#8220; dfd_row_responsive_enable=&#8220;dfd-row-responsive-enable&#8220; responsive_styles=&#8220;margin_top_mobile:0|margin_bottom_mobile:0|margin_left_mobile:-20|margin_right_mobile:-20|border_top_mobile:0|border_bottom_mobile:0|border_left_mobile:0|border_right_mobile:0|padding_top_mobile:0|padding_bottom_mobile:0|padding_left_mobile:0&#8243; css=&#8220;.vc_custom_1750185576803{margin-right: 0px !important;margin-left: 0px !important;border-right-width: 0px !important;border-left-width: 0px !important;padding-top: 150px !important;padding-right: 0px !important;padding-left: 0px !important;}&#8220;][vc_column dfd_column_responsive_enable=&#8220;dfd-column-responsive-enable&#8220; css=&#8220;.vc_custom_1750107017676{margin-right: 0px !important;margin-left: 0px !important;border-right-width: 0px !important;border-left-width: 0px !important;padding-right: 0px !important;padding-left: 0px !important;}&#8220; col_shadow=&#8220;box_shadow_enable:disable|shadow_horizontal:0|shadow_vertical:15|shadow_blur:50|shadow_spread:0|box_shadow_color:rgba(0%2C0%2C0%2C.35)&#8220; col_shadow_hover=&#8220;box_shadow_enable:disable|shadow_horizontal:0|shadow_vertical:15|shadow_blur:50|shadow_spread:0|box_shadow_color:rgba(0%2C0%2C0%2C.35)&#8220; responsive_styles=&#8220;margin_left_mobile:0|margin_right_mobile:0|border_left_mobile:0|border_right_mobile:0|padding_left_mobile:0|padding_right_mobile:0&#8243;]\n\t\t\t<!-- START start_25 layer REVOLUTION SLIDER 6.1.0 --><p class=\"rs-p-wp-fix\"><\/p>\n\t\t\t<rs-module-wrap id=\"rev_slider_37_1_wrapper\" data-source=\"gallery\" style=\"background:transparent;padding:0;margin:0px auto;margin-top:0;margin-bottom:0;\">\n\t\t\t\t<rs-module id=\"rev_slider_37_1\" style=\"display:none;\" data-version=\"6.1.0\">\n\t\t\t\t\t<rs-slides>\n\t\t\t\t\t\t<rs-slide data-key=\"rs-37\" data-title=\"Slide\" data-anim=\"ei:d;eo:d;s:1000;r:0;t:fade;sl:0;\">\n\t\t\t\t\t\t\t<img decoding=\"async\" src=\"\/\/www.weingut-hinteregger.at\/AT\/wp-content\/plugins\/revslider\/public\/assets\/assets\/transparent.png\" title=\"home\" class=\"rev-slidebg\" data-no-retina>\n<!--\n\t\t\t\t\t\t\t--><rs-layer\n\t\t\t\t\t\t\t\tid=\"slider-37-slide-37-layer-5\" \n\t\t\t\t\t\t\t\tdata-type=\"image\"\n\t\t\t\t\t\t\t\tdata-rsp_ch=\"on\"\n\t\t\t\t\t\t\t\tdata-xy=\"x:c;xo:-300px,-300px,-300px,0;y:m;yo:66px,66px,66px,-40px;\"\n\t\t\t\t\t\t\t\tdata-text=\"w:normal;s:20,20,20,4;l:0,0,0,6;a:center;\"\n\t\t\t\t\t\t\t\tdata-dim=\"w:402px,402px,402px,188px;h:150px,150px,150px,70px;\"\n\t\t\t\t\t\t\t\tdata-basealign=\"slide\"\n\t\t\t\t\t\t\t\tdata-frame_1=\"e:Power4.easeInOut;sp:3000;\"\n\t\t\t\t\t\t\t\tdata-frame_999=\"o:0;st:3060;sp:800;sR:60;\"\n\t\t\t\t\t\t\t\tstyle=\"z-index:10;font-family:Roboto;\"\n\t\t\t\t\t\t\t><img loading=\"lazy\" decoding=\"async\" src=\"\/\/www.weingut-hinteregger.at\/AT\/wp-content\/uploads\/2025\/06\/auszeichnung.png\" width=\"638\" height=\"238\" data-no-retina> \n\t\t\t\t\t\t\t<\/rs-layer><!--\n\n\t\t\t\t\t\t\t--><rs-layer\n\t\t\t\t\t\t\t\tid=\"slider-37-slide-37-layer-6\" \n\t\t\t\t\t\t\t\tdata-type=\"text\"\n\t\t\t\t\t\t\t\tdata-color=\"#faf8da\"\n\t\t\t\t\t\t\t\tdata-rsp_ch=\"on\"\n\t\t\t\t\t\t\t\tdata-xy=\"x:c;xo:-300px,-300px,-300px,0;y:m;yo:-32px,-32px,-32px,-97px;\"\n\t\t\t\t\t\t\t\tdata-text=\"w:normal;s:100,100,100,40;l:100,100,100,40;fw:300;a:center;\"\n\t\t\t\t\t\t\t\tdata-basealign=\"slide\"\n\t\t\t\t\t\t\t\tdata-rsp_o=\"off\"\n\t\t\t\t\t\t\t\tdata-frame_1=\"st:3840;sp:2000;sR:3840;\"\n\t\t\t\t\t\t\t\tdata-frame_999=\"o:0;st:6940;sp:800;sR:1100;\"\n\t\t\t\t\t\t\t\tstyle=\"z-index:11;font-family:Open Sans;\"\n\t\t\t\t\t\t\t>BUSCHENSCHANK \n\t\t\t\t\t\t\t<\/rs-layer><!--\n\n\t\t\t\t\t\t\t--><rs-layer\n\t\t\t\t\t\t\t\tid=\"slider-37-slide-37-layer-8\" \n\t\t\t\t\t\t\t\tdata-type=\"image\"\n\t\t\t\t\t\t\t\tdata-rsp_ch=\"on\"\n\t\t\t\t\t\t\t\tdata-xy=\"x:c;xo:-300px,-300px,-300px,0;y:m;yo:0,0,0,-90px;\"\n\t\t\t\t\t\t\t\tdata-text=\"w:normal;s:20,20,20,4;l:0,0,0,6;\"\n\t\t\t\t\t\t\t\tdata-dim=\"w:660px,660px,660px,364px;h:320px,320px,320px,176px;\"\n\t\t\t\t\t\t\t\tdata-frame_1=\"st:7750;sp:3000;sR:7750;\"\n\t\t\t\t\t\t\t\tdata-frame_999=\"o:0;st:w;sp:990;sR:250;\"\n\t\t\t\t\t\t\t\tstyle=\"z-index:13;font-family:Roboto;\"\n\t\t\t\t\t\t\t><img loading=\"lazy\" decoding=\"async\" src=\"\/\/www.weingut-hinteregger.at\/AT\/wp-content\/uploads\/2025\/06\/hinteregger_logo.png\" width=\"660\" height=\"320\" data-no-retina> \n\t\t\t\t\t\t\t<\/rs-layer><!--\n\n\t\t\t\t\t\t\t--><rs-layer\n\t\t\t\t\t\t\t\tid=\"slider-37-slide-37-layer-9\" \n\t\t\t\t\t\t\t\tdata-type=\"image\"\n\t\t\t\t\t\t\t\tdata-rsp_ch=\"on\"\n\t\t\t\t\t\t\t\tdata-xy=\"x:c;xo:-300px,-300px,-300px,0;y:m;yo:68px,68px,68px,-38px;\"\n\t\t\t\t\t\t\t\tdata-text=\"w:normal;s:20,20,20,4;l:0,0,0,6;a:center;\"\n\t\t\t\t\t\t\t\tdata-dim=\"w:402px,402px,402px,189px;h:149px,149px,149px,70px;\"\n\t\t\t\t\t\t\t\tdata-basealign=\"slide\"\n\t\t\t\t\t\t\t\tdata-frame_1=\"e:Power4.easeInOut;st:3850;sp:3000;sR:3850;\"\n\t\t\t\t\t\t\t\tdata-frame_999=\"o:0;st:6950;sp:800;sR:100;\"\n\t\t\t\t\t\t\t\tstyle=\"z-index:12;font-family:Roboto;\"\n\t\t\t\t\t\t\t><img loading=\"lazy\" decoding=\"async\" src=\"\/\/www.weingut-hinteregger.at\/AT\/wp-content\/uploads\/2025\/06\/gemuetlichkeit.png\" width=\"636\" height=\"235\" data-no-retina> \n\t\t\t\t\t\t\t<\/rs-layer><!--\n\n\t\t\t\t\t\t\t--><rs-layer\n\t\t\t\t\t\t\t\tid=\"slider-37-slide-37-layer-12\" \n\t\t\t\t\t\t\t\tdata-type=\"image\"\n\t\t\t\t\t\t\t\tdata-rsp_ch=\"on\"\n\t\t\t\t\t\t\t\tdata-xy=\"x:c;xo:0,0,0,-241px;y:m;yo:0,0,0,105px;\"\n\t\t\t\t\t\t\t\tdata-text=\"w:normal;s:20,20,20,4;l:0,0,0,6;\"\n\t\t\t\t\t\t\t\tdata-dim=\"w:100%,100%,100%,1920px;h:auto,auto,auto,950px;\"\n\t\t\t\t\t\t\t\tdata-basealign=\"slide\"\n\t\t\t\t\t\t\t\tdata-frame_1=\"sp:1000;\"\n\t\t\t\t\t\t\t\tdata-frame_999=\"o:0;st:w;sR:10000;\"\n\t\t\t\t\t\t\t\tstyle=\"z-index:8;font-family:Roboto;\"\n\t\t\t\t\t\t\t><img loading=\"lazy\" decoding=\"async\" src=\"\/\/www.weingut-hinteregger.at\/AT\/wp-content\/uploads\/2025\/06\/1.jpg\" width=\"1208\" height=\"800\" data-no-retina> \n\t\t\t\t\t\t\t<\/rs-layer><!--\n\n\t\t\t\t\t\t\t--><rs-layer\n\t\t\t\t\t\t\t\tid=\"slider-37-slide-37-layer-14\" \n\t\t\t\t\t\t\t\tdata-type=\"text\"\n\t\t\t\t\t\t\t\tdata-color=\"#faf8da\"\n\t\t\t\t\t\t\t\tdata-rsp_ch=\"on\"\n\t\t\t\t\t\t\t\tdata-xy=\"x:c;xo:-300px,-300px,-300px,0;y:m;yo:-32px,-32px,-32px,-97px;\"\n\t\t\t\t\t\t\t\tdata-text=\"w:normal;s:100,100,100,40;l:100,100,100,40;fw:300;a:center;\"\n\t\t\t\t\t\t\t\tdata-rsp_o=\"off\"\n\t\t\t\t\t\t\t\tdata-frame_1=\"sp:2000;\"\n\t\t\t\t\t\t\t\tdata-frame_999=\"o:0;st:3060;sp:800;sR:1060;\"\n\t\t\t\t\t\t\t\tstyle=\"z-index:9;font-family:Open Sans;\"\n\t\t\t\t\t\t\t>WEINE \n\t\t\t\t\t\t\t<\/rs-layer><!--\n-->\t\t\t\t\t\t<\/rs-slide>\n\t\t\t\t\t<\/rs-slides>\n\t\t\t\t\t<rs-static-layers><!--\n\t\t\t\t\t--><\/rs-static-layers>\n\t\t\t\t\t<rs-progress class=\"rs-bottom\" style=\"visibility: hidden !important;\"><\/rs-progress>\n\t\t\t\t<\/rs-module>\n\t\t\t\t<script type=\"text\/javascript\">\n\t\t\t\t\tsetREVStartSize({c: 'rev_slider_37_1',rl:[1240,1240,1240,480],el:[800,800,800,720],gw:[1920,1920,1920,480],gh:[800,800,800,720],layout:'fullwidth',mh:\"0\"});\n\t\t\t\t\tvar\trevapi37,\n\t\t\t\t\t\ttpj;\n\t\t\t\t\tjQuery(function() {\n\t\t\t\t\t\ttpj = jQuery;\n\t\t\t\t\t\tif(tpj(\"#rev_slider_37_1\").revolution == undefined){\n\t\t\t\t\t\t\trevslider_showDoubleJqueryError(\"#rev_slider_37_1\");\n\t\t\t\t\t\t}else{\n\t\t\t\t\t\t\trevapi37 = tpj(\"#rev_slider_37_1\").show().revolution({\n\t\t\t\t\t\t\t\tjsFileLocation:\"\/\/www.weingut-hinteregger.at\/AT\/wp-content\/plugins\/revslider\/public\/assets\/js\/\",\n\t\t\t\t\t\t\t\tduration:\"11000ms\",\n\t\t\t\t\t\t\t\tvisibilityLevels:\"1240,1240,1240,480\",\n\t\t\t\t\t\t\t\tgridwidth:\"1920,1920,1920,480\",\n\t\t\t\t\t\t\t\tgridheight:\"800,800,800,720\",\n\t\t\t\t\t\t\t\tminHeight:\"\",\n\t\t\t\t\t\t\t\tspinner:\"spinner0\",\n\t\t\t\t\t\t\t\teditorheight:\"800,768,960,720\",\n\t\t\t\t\t\t\t\tresponsiveLevels:\"1240,1240,1240,480\",\n\t\t\t\t\t\t\t\tdisableProgressBar:\"on\",\n\t\t\t\t\t\t\t\tstopAtSlide:1,\n\t\t\t\t\t\t\t\tstopAfterLoops:0,\n\t\t\t\t\t\t\t\tstopLoop:true,\n\t\t\t\t\t\t\t\tnavigation: {\n\t\t\t\t\t\t\t\t\tonHoverStop:false\n\t\t\t\t\t\t\t\t},\n\t\t\t\t\t\t\t\tfallbacks: {\n\t\t\t\t\t\t\t\t\tallowHTML5AutoPlayOnAndroid:true\n\t\t\t\t\t\t\t\t},\n\t\t\t\t\t\t\t});\n\t\t\t\t\t\t}\n\t\t\t\t\t\t\n\t\t\t\t\t});\n\t\t\t\t<\/script>\n\t\t\t<\/rs-module-wrap>\n\t\t\t<!-- END REVOLUTION SLIDER -->\n[\/vc_column][\/vc_row][vc_row dfd_bg_style=&#8220;image&#8220; dfd_bg_image_new=&#8220;5572&#8243; dfd_bg_image_repeat=&#8220;no-repeat&#8220; dfd_bg_img_attach=&#8220;fixed&#8220; dfd_bg_image_position=&#8220;bottom right&#8220; dfd_enable_overlay=&#8220;&#8220; dfd_row_responsive_enable=&#8220;dfd-row-responsive-enable&#8220; css=&#8220;.vc_custom_1750319406124{padding-top: 150px !important;padding-bottom: 150px !important;}&#8220; responsive_styles=&#8220;padding_top_mobile:40|padding_bottom_mobile:40&#8243; dfd_bg_image_position_mobile=&#8220;-2000px -2000px&#8220;][vc_column col_shadow=&#8220;box_shadow_enable:disable|shadow_horizontal:0|shadow_vertical:15|shadow_blur:50|shadow_spread:0|box_shadow_color:rgba(0%2C0%2C0%2C.35)&#8220; col_shadow_hover=&#8220;box_shadow_enable:disable|shadow_horizontal:0|shadow_vertical:15|shadow_blur:50|shadow_spread:0|box_shadow_color:rgba(0%2C0%2C0%2C.35)&#8220;]<div class=\"dfd-heading-shortcode\"><div class=\"dfd-heading-module-wrap  text-center style_01 dfd-heading-69f44520b2343 dfd-disable-resposive-headings\" id=\"dfd-heading-69f44520b2343\" ><div class=\"inline-block\"><div class=\"dfd-heading-module\"><h1 class=\"widget-title dfd-title \" style=\"font-size: 130px; color: #475e41 !important; line-height: 100px; \">Herzlich Willkommen<\/p>\n<p><\/h1><h2 class=\"widget-sub-title dfd-sub-title \" style=\"color: #475e41 !important; \">im Weingut Hinteregger!<\/h2><div class=\"dfd-heading-delimiter\"><\/div><\/div><\/div><\/div><script type=\"text\/javascript\">\r\n\t\t\t\t\t\t\t\t\t(function($) {\r\n\t\t\t\t\t\t\t\t\t\t$(\"head\").append(\"<style>.dfd-heading-69f44520b2343.dfd-heading-module-wrap .dfd-heading-module .dfd-heading-delimiter {border-bottom-style:solid;border-bottom-width:1px;width:200px;border-bottom-color:#475e41;}.dfd-heading-69f44520b2343.dfd-heading-module-wrap .dfd-heading-module .dfd-heading-delimiter {margin-top:20px;margin-bottom:20px;}@media (max-width: 1279px) and (min-width: 1024px){.dfd-heading-69f44520b2343 .dfd-title{font-size: 170px !important;line-height: 200px !important;}}@media (max-width: 1023px) and (min-width: 800px){.dfd-heading-69f44520b2343 .dfd-title{font-size: 100px !important;line-height: 170px !important;}}@media (max-width: 799px){.dfd-heading-69f44520b2343 .dfd-title{font-size: 74px !important;line-height: 100px !important;}}@media (max-width: 799px){.dfd-heading-69f44520b2343 .dfd-sub-title{font-size: 28px !important;}}<\/style>\");\r\n\t\t\t\t\t\t\t\t\t})(jQuery);\r\n\t\t\t\t\t\t\t\t<\/script><\/div>[vc_column_text css=&#8220;.vc_custom_1750143928040{padding-top: 40px !important;}&#8220;]G\u00e4ste sch\u00e4tzen unsere Speisen, die man sich aus unserer Speisekarte selbst aussuchen kann. Selbstverst\u00e4ndlich sind die K\u00f6stlichkeiten saisonal abgestimmt.<\/p>\n<p>Vom K\u00e4lbergarten aus kann man im Sommer sch\u00f6ne Sonnenunterg\u00e4nge beobachten und bei einem feinen Achterl einfach die Seele baumeln lassen und das Leben genie\u00dfen!<br \/>\nUnseren Weinbaubetrieb gibt es seit ca. 1850. Die gesamte Familie ist um das Wohlergehen des Weines bem\u00fcht.<br \/>\nDie Philosophie der Arbeit im Weingarten und Keller l\u00e4\u00dft sich mit den Worten ehrlich, charaktervoll, eigenst\u00e4ndig und harmonisch beschreiben und dies spiegelt sich dann auch in erzeugten Weinen wieder.<\/p>\n<p>Das Weingut liegt im sch\u00f6nen Weinbaugebiet des Weinviertler DAC. Weinviertel DAC wurde als erstes DAC-Gebiet mit dem Weinjahrgang 2002 eingef\u00fchrt. Weinviertel DAC ist die Bezeichnung f\u00fcr herkunftstypische Qualit\u00e4tsweine aus dem Weinbaugebiet Weinviertel. Die solcherart bezeichneten Weine m\u00fcssen aus der Qualit\u00e4tswein-Rebsorte Gr\u00fcner Veltliner hergestellt sein, die Trauben daf\u00fcr m\u00fcssen ausschlie\u00dflich im Weinbaugebiet Weinviertel geerntet werden. Die Weine d\u00fcrfen in den Kategorien \u201eWeinviertel DAC\u201c und \u201eWeinviertel DAC Reserve\u201c auf den Markt kommen.<\/p>\n<p>Weine dieser Kategorie weisen eine hell- bis gr\u00fcngelbe Farbe auf und im Geruch ein typisches Sortenbouquet. Der Geschmack ist per Definition fruchtig sowie w\u00fcrzig-pfeffrig und darf weder einen Holz- noch Botrytiston aufweisen.[\/vc_column_text][\/vc_column][\/vc_row][vc_row dfd_row_config=&#8220;full_width_content&#8220; css=&#8220;.vc_custom_1750185594129{padding-bottom: 20px !important;}&#8220;][vc_column css=&#8220;.vc_custom_1750149288533{padding-bottom: 0px !important;}&#8220; col_shadow=&#8220;box_shadow_enable:disable|shadow_horizontal:0|shadow_vertical:15|shadow_blur:50|shadow_spread:0|box_shadow_color:rgba(0%2C0%2C0%2C.35)&#8220; col_shadow_hover=&#8220;box_shadow_enable:disable|shadow_horizontal:0|shadow_vertical:15|shadow_blur:50|shadow_spread:0|box_shadow_color:rgba(0%2C0%2C0%2C.35)&#8220;]<div id=\"dfd-carousel-69f44520b24d1\" class=\"dfd-carousel-wrapper\"><div class=\"dfd-carousel-module-wrapper  dfd-carousel-horizontal dfd-arrows_aside2 dfd-keep-arrows dfd-arrows-style_3 dfd-arrows-enabled\" ><div class=\"dfd-carousel\">[vc_single_image image=&#8220;5463&#8243; img_size=&#8220;full&#8220; onclick=&#8220;link_image&#8220;][vc_single_image image=&#8220;5459&#8243; img_size=&#8220;full&#8220; onclick=&#8220;link_image&#8220;][vc_single_image image=&#8220;5460&#8243; img_size=&#8220;full&#8220; onclick=&#8220;link_image&#8220;][vc_single_image image=&#8220;5461&#8243; img_size=&#8220;full&#8220; onclick=&#8220;link_image&#8220;][vc_single_image image=&#8220;5462&#8243; img_size=&#8220;full&#8220; onclick=&#8220;link_image&#8220;]<\/div><a href=\"#\" class=\"dfd-slider-control prev\" title=\"Previous slide\"><i class=\"dfd-added-font-icon-left-open2\"><\/i><\/a><a href=\"#\" class=\"dfd-slider-control next\" title=\"Next slide\"><i class=\"dfd-added-font-icon-right-open2\"><\/i><\/a><\/div>\t\t\t\t<script type=\"text\/javascript\">\r\n\t\t\t\t\t(function($) {\r\n\t\t\t\t\t\t\"use strict\";\r\n\t\t\t\t\t\tvar $carousel = $('#dfd-carousel-69f44520b24d1').find('.dfd-carousel');\r\n\t\t\t\t\t\t$(document).ready(function() {\r\n\t\t\t\t\t\t\tvar $initialized = ($('body').hasClass('page-template-tmp-side-by-side')) ? $carousel.not('.slick-initialized') : $carousel;\r\n\t\t\t\t\t\t\t\t\t\t\t\t\t\t$carousel.siblings('.dfd-slider-control.prev').click(function(e) {\r\n\t\t\t\t\t\t\t\te.preventDefault();\r\n\t\t\t\t\t\t\t\t$carousel.eq(0).slick('slickPrev');\r\n\t\t\t\t\t\t\t});\r\n\t\t\t\t\t\t\t$carousel.siblings('.dfd-slider-control.next').click(function(e) {\r\n\t\t\t\t\t\t\t\te.preventDefault();\r\n\t\t\t\t\t\t\t\t$carousel.eq(0).slick('slickNext');\r\n\t\t\t\t\t\t\t});\r\n\t\t\t\t\t\t\t$initialized.slick({arrows: false,dotsClass: 'dfd-slick-dots',slidesToScroll: 1,autoplay: true,autoplaySpeed: 5000,dots: false,infinite: true,slidesToShow: 3,speed: 300,swipe: true,draggable: true,adaptiveHeight: true,responsive: [\r\n\t\t\t\t\t\t\t{\r\n\t\t\t\t\t\t\t\tbreakpoint: 1024,\r\n\t\t\t\t\t\t\t\tsettings: {\r\n\t\t\t\t\t\t\t\t\tslidesToShow: 3,\r\n\t\t\t\t\t\t\t\t\tslidesToScroll: 1,\r\n\t\t\t\t\t\t\t\t}\r\n\t\t\t\t\t\t\t},\r\n\t\t\t\t\t\t\t{\r\n\t\t\t\t\t\t\t\tbreakpoint: 800,\r\n\t\t\t\t\t\t\t\tsettings: {\r\n\t\t\t\t\t\t\t\t\tslidesToShow: 2,\r\n\t\t\t\t\t\t\t\t\tslidesToScroll: 1,\r\n\t\t\t\t\t\t\t\t}\r\n\t\t\t\t\t\t\t},\r\n\t\t\t\t\t\t\t{\r\n\t\t\t\t\t\t\t\tbreakpoint: 480,\r\n\t\t\t\t\t\t\t\tsettings: {\r\n\t\t\t\t\t\t\t\t\tslidesToShow: 1,\r\n\t\t\t\t\t\t\t\t\tslidesToScroll: 1,\r\n\t\t\t\t\t\t\t\t}\r\n\t\t\t\t\t\t\t},]});\r\n\t\t\t\t\t\t\t$(\"head\").append(\"<style>#dfd-carousel-69f44520b24d1 .dfd-arrows-style_3 .dfd-slider-control:after, #dfd-carousel-69f44520b24d1 .dfd-arrows-style_4 .dfd-slider-control:after, #dfd-carousel-69f44520b24d1 .dfd-arrows-style_5 .dfd-slider-control {background: #ffffff}#dfd-carousel-69f44520b24d1 > .dfd-carousel-module-wrapper > .dfd-carousel > .slick-list > .slick-track > .dfd-item-wrap > .cover {padding: 10px;}#dfd-carousel-69f44520b24d1 {margin: -10px;}#dfd-carousel-69f44520b24d1 .dfd-slider-control i, #dfd-carousel-69f44520b24d1 .dfd-slider-control .count, #dfd-carousel-69f44520b24d1 .dfd-arrows-style_1 .dfd-slider-control:after {color: #000000;}#dfd-carousel-69f44520b24d1 .dfd-arrows-style_1 .dfd-slider-control:after, #dfd-carousel-69f44520b24d1 .dfd-arrows-style_5 .dfd-slider-control:after {background: #000000;}<\/style>\")\t\t\t\t\t\t});\r\n\t\t\t\t\t})(jQuery);\r\n\t\t\t\t<\/script>\r\n            <\/div>[\/vc_column][\/vc_row]<\/p>\n<\/div>","protected":false},"excerpt":{"rendered":"<p>[vc_row dfd_enable_overlay=&#8220;&#8220; dfd_row_config=&#8220;full_width_content&#8220; dfd_row_responsive_enable=&#8220;dfd-row-responsive-enable&#8220; responsive_styles=&#8220;margin_top_mobile:0|margin_bottom_mobile:0|margin_left_mobile:-20|margin_right_mobile:-20|border_top_mobile:0|border_bottom_mobile:0|border_left_mobile:0|border_right_mobile:0|padding_top_mobile:0|padding_bottom_mobile:0|padding_left_mobile:0&#8243; css=&#8220;.vc_custom_1750185576803{margin-right: 0px !important;margin-left: 0px !important;border-right-width: 0px !important;border-left-width: 0px !important;padding-top: 150px !important;padding-right: 0px !important;padding-left: 0px !important;}&#8220;][vc_column dfd_column_responsive_enable=&#8220;dfd-column-responsive-enable&#8220; css=&#8220;.vc_custom_1750107017676{margin-right: 0px !important;margin-left: 0px !important;border-right-width: 0px !important;border-left-width: 0px !important;padding-right:<\/p>\n","protected":false},"author":3,"featured_media":0,"parent":0,"menu_order":0,"comment_status":"closed","ping_status":"closed","template":"page-custom.php","meta":{"footnotes":""},"class_list":["post-199","page","type-page","status-publish","hentry"],"_links":{"self":[{"href":"https:\/\/www.weingut-hinteregger.at\/AT\/wp-json\/wp\/v2\/pages\/199","targetHints":{"allow":["GET"]}}],"collection":[{"href":"https:\/\/www.weingut-hinteregger.at\/AT\/wp-json\/wp\/v2\/pages"}],"about":[{"href":"https:\/\/www.weingut-hinteregger.at\/AT\/wp-json\/wp\/v2\/types\/page"}],"author":[{"embeddable":true,"href":"https:\/\/www.weingut-hinteregger.at\/AT\/wp-json\/wp\/v2\/users\/3"}],"replies":[{"embeddable":true,"href":"https:\/\/www.weingut-hinteregger.at\/AT\/wp-json\/wp\/v2\/comments?post=199"}],"version-history":[{"count":122,"href":"https:\/\/www.weingut-hinteregger.at\/AT\/wp-json\/wp\/v2\/pages\/199\/revisions"}],"predecessor-version":[{"id":5587,"href":"https:\/\/www.weingut-hinteregger.at\/AT\/wp-json\/wp\/v2\/pages\/199\/revisions\/5587"}],"wp:attachment":[{"href":"https:\/\/www.weingut-hinteregger.at\/AT\/wp-json\/wp\/v2\/media?parent=199"}],"curies":[{"name":"wp","href":"https:\/\/api.w.org\/{rel}","templated":true}]}}