{"id":5400,"date":"2025-06-16T18:10:22","date_gmt":"2025-06-16T16:10:22","guid":{"rendered":"https:\/\/www.weingut-hinteregger.at\/AT\/?page_id=5400"},"modified":"2025-06-19T09:52:13","modified_gmt":"2025-06-19T07:52:13","slug":"wein","status":"publish","type":"page","link":"https:\/\/www.weingut-hinteregger.at\/AT\/wein\/","title":{"rendered":"wein"},"content":{"rendered":"<div class=\"wpb-content-wrapper\"><p>[vc_row dfd_row_config=&#8220;full_width_content&#8220; dfd_row_responsive_enable=&#8220;dfd-row-responsive-enable&#8220; css=&#8220;.vc_custom_1750265189870{padding-top: 170px !important;padding-bottom: 20px !important;}&#8220; responsive_styles=&#8220;padding_top_mobile:10&#8243;][vc_column css=&#8220;.vc_custom_1750149288533{padding-bottom: 0px !important;}&#8220; col_shadow=&#8220;box_shadow_enable:disable|shadow_horizontal:0|shadow_vertical:15|shadow_blur:50|shadow_spread:0|box_shadow_color:rgba(0%2C0%2C0%2C.35)&#8220; col_shadow_hover=&#8220;box_shadow_enable:disable|shadow_horizontal:0|shadow_vertical:15|shadow_blur:50|shadow_spread:0|box_shadow_color:rgba(0%2C0%2C0%2C.35)&#8220;]<div id=\"dfd-carousel-69f45477853a4\" class=\"dfd-carousel-wrapper\"><div class=\"dfd-carousel-module-wrapper  dfd-carousel-horizontal dfd-arrows_aside2 dfd-keep-arrows dfd-arrows-style_3 dfd-arrows-enabled\" ><div class=\"dfd-carousel\">[vc_single_image image=&#8220;5494&#8243; img_size=&#8220;full&#8220; onclick=&#8220;link_image&#8220;][vc_single_image image=&#8220;5459&#8243; img_size=&#8220;full&#8220; onclick=&#8220;link_image&#8220;][vc_single_image image=&#8220;5460&#8243; img_size=&#8220;full&#8220; onclick=&#8220;link_image&#8220;][vc_single_image image=&#8220;5461&#8243; img_size=&#8220;full&#8220; onclick=&#8220;link_image&#8220;][vc_single_image image=&#8220;5462&#8243; img_size=&#8220;full&#8220; onclick=&#8220;link_image&#8220;]<\/div><a href=\"#\" class=\"dfd-slider-control prev\" title=\"Previous slide\"><i class=\"dfd-added-font-icon-left-open2\"><\/i><\/a><a href=\"#\" class=\"dfd-slider-control next\" title=\"Next slide\"><i class=\"dfd-added-font-icon-right-open2\"><\/i><\/a><\/div>\t\t\t\t<script type=\"text\/javascript\">\r\n\t\t\t\t\t(function($) {\r\n\t\t\t\t\t\t\"use strict\";\r\n\t\t\t\t\t\tvar $carousel = $('#dfd-carousel-69f45477853a4').find('.dfd-carousel');\r\n\t\t\t\t\t\t$(document).ready(function() {\r\n\t\t\t\t\t\t\tvar $initialized = ($('body').hasClass('page-template-tmp-side-by-side')) ? $carousel.not('.slick-initialized') : $carousel;\r\n\t\t\t\t\t\t\t\t\t\t\t\t\t\t$carousel.siblings('.dfd-slider-control.prev').click(function(e) {\r\n\t\t\t\t\t\t\t\te.preventDefault();\r\n\t\t\t\t\t\t\t\t$carousel.eq(0).slick('slickPrev');\r\n\t\t\t\t\t\t\t});\r\n\t\t\t\t\t\t\t$carousel.siblings('.dfd-slider-control.next').click(function(e) {\r\n\t\t\t\t\t\t\t\te.preventDefault();\r\n\t\t\t\t\t\t\t\t$carousel.eq(0).slick('slickNext');\r\n\t\t\t\t\t\t\t});\r\n\t\t\t\t\t\t\t$initialized.slick({arrows: false,dotsClass: 'dfd-slick-dots',slidesToScroll: 1,autoplay: true,autoplaySpeed: 5000,dots: false,infinite: true,slidesToShow: 3,speed: 300,swipe: true,draggable: true,adaptiveHeight: true,responsive: [\r\n\t\t\t\t\t\t\t{\r\n\t\t\t\t\t\t\t\tbreakpoint: 1024,\r\n\t\t\t\t\t\t\t\tsettings: {\r\n\t\t\t\t\t\t\t\t\tslidesToShow: 3,\r\n\t\t\t\t\t\t\t\t\tslidesToScroll: 1,\r\n\t\t\t\t\t\t\t\t}\r\n\t\t\t\t\t\t\t},\r\n\t\t\t\t\t\t\t{\r\n\t\t\t\t\t\t\t\tbreakpoint: 800,\r\n\t\t\t\t\t\t\t\tsettings: {\r\n\t\t\t\t\t\t\t\t\tslidesToShow: 2,\r\n\t\t\t\t\t\t\t\t\tslidesToScroll: 1,\r\n\t\t\t\t\t\t\t\t}\r\n\t\t\t\t\t\t\t},\r\n\t\t\t\t\t\t\t{\r\n\t\t\t\t\t\t\t\tbreakpoint: 480,\r\n\t\t\t\t\t\t\t\tsettings: {\r\n\t\t\t\t\t\t\t\t\tslidesToShow: 1,\r\n\t\t\t\t\t\t\t\t\tslidesToScroll: 1,\r\n\t\t\t\t\t\t\t\t}\r\n\t\t\t\t\t\t\t},]});\r\n\t\t\t\t\t\t\t$(\"head\").append(\"<style>#dfd-carousel-69f45477853a4 .dfd-arrows-style_3 .dfd-slider-control:after, #dfd-carousel-69f45477853a4 .dfd-arrows-style_4 .dfd-slider-control:after, #dfd-carousel-69f45477853a4 .dfd-arrows-style_5 .dfd-slider-control {background: #ffffff}#dfd-carousel-69f45477853a4 > .dfd-carousel-module-wrapper > .dfd-carousel > .slick-list > .slick-track > .dfd-item-wrap > .cover {padding: 10px;}#dfd-carousel-69f45477853a4 {margin: -10px;}#dfd-carousel-69f45477853a4 .dfd-slider-control i, #dfd-carousel-69f45477853a4 .dfd-slider-control .count, #dfd-carousel-69f45477853a4 .dfd-arrows-style_1 .dfd-slider-control:after {color: #000000;}#dfd-carousel-69f45477853a4 .dfd-arrows-style_1 .dfd-slider-control:after, #dfd-carousel-69f45477853a4 .dfd-arrows-style_5 .dfd-slider-control:after {background: #000000;}<\/style>\")\t\t\t\t\t\t});\r\n\t\t\t\t\t})(jQuery);\r\n\t\t\t\t<\/script>\r\n            <\/div>[\/vc_column][\/vc_row][vc_row dfd_bg_style=&#8220;image&#8220; dfd_bg_image_new=&#8220;5572&#8243; dfd_bg_image_repeat=&#8220;no-repeat&#8220; dfd_bg_img_attach=&#8220;fixed&#8220; dfd_bg_image_position=&#8220;bottom right&#8220; dfd_enable_overlay=&#8220;&#8220; css=&#8220;.vc_custom_1750319501679{padding-top: 60px !important;}&#8220; dfd_bg_image_position_mobile=&#8220;-2000px -2000px&#8220;][vc_column col_shadow=&#8220;box_shadow_enable:disable|shadow_horizontal:0|shadow_vertical:15|shadow_blur:50|shadow_spread:0|box_shadow_color:rgba(0%2C0%2C0%2C.35)&#8220; col_shadow_hover=&#8220;box_shadow_enable:disable|shadow_horizontal:0|shadow_vertical:15|shadow_blur:50|shadow_spread:0|box_shadow_color:rgba(0%2C0%2C0%2C.35)&#8220;]<div class=\"dfd-heading-shortcode\"><div class=\"dfd-heading-module-wrap  text-center style_01 dfd-heading-69f454778543d dfd-disable-resposive-headings\" id=\"dfd-heading-69f454778543d\" ><div class=\"inline-block\"><div class=\"dfd-heading-module\"><h1 class=\"widget-title dfd-title \" style=\"font-size: 130px; color: #475e41 !important; line-height: 100px; \">Wein<\/p>\n<p><\/h1><h2 class=\"widget-sub-title dfd-sub-title \" style=\"color: #475e41 !important; \">ein von alters her gesch\u00e4tztes edles Getr\u00e4nk!<\/h2><div class=\"dfd-heading-delimiter\"><\/div><\/div><\/div><\/div><script type=\"text\/javascript\">\r\n\t\t\t\t\t\t\t\t\t(function($) {\r\n\t\t\t\t\t\t\t\t\t\t$(\"head\").append(\"<style>.dfd-heading-69f454778543d.dfd-heading-module-wrap .dfd-heading-module .dfd-heading-delimiter {border-bottom-style:solid;border-bottom-width:1px;width:200px;border-bottom-color:#475e41;}.dfd-heading-69f454778543d.dfd-heading-module-wrap .dfd-heading-module .dfd-heading-delimiter {margin-top:20px;margin-bottom:20px;}@media (max-width: 1279px) and (min-width: 1024px){.dfd-heading-69f454778543d .dfd-title{font-size: 170px !important;line-height: 200px !important;}}@media (max-width: 1023px) and (min-width: 800px){.dfd-heading-69f454778543d .dfd-title{font-size: 100px !important;line-height: 170px !important;}}@media (max-width: 799px){.dfd-heading-69f454778543d .dfd-title{font-size: 74px !important;line-height: 100px !important;}}@media (max-width: 799px){.dfd-heading-69f454778543d .dfd-sub-title{font-size: 28px !important;}}<\/style>\");\r\n\t\t\t\t\t\t\t\t\t})(jQuery);\r\n\t\t\t\t\t\t\t\t<\/script><\/div>[\/vc_column][\/vc_row][vc_row dfd_bg_style=&#8220;image&#8220; dfd_bg_image_new=&#8220;5572&#8243; dfd_bg_image_repeat=&#8220;no-repeat&#8220; dfd_bg_img_attach=&#8220;fixed&#8220; dfd_bg_image_position=&#8220;bottom right&#8220; dfd_enable_overlay=&#8220;&#8220; dfd_bg_image_position_mobile=&#8220;-2000px -2000px&#8220;][vc_column width=&#8220;1\/6&#8243;][vc_single_image image=&#8220;5490&#8243; img_size=&#8220;full&#8220;][\/vc_column][vc_column width=&#8220;5\/6&#8243;][vc_column_text css=&#8220;.vc_custom_1750274399574{padding-top: 40px !important;}&#8220;]Unser besonderes Augenmerk gilt dem nat\u00fcrlichen Weinbau, weil wir nur so konstant h\u00f6chste Weinqualit\u00e4t garantieren k\u00f6nnen.<br \/>\nEinige unserer Weine haben auch heuer bei der Nieder\u00f6sterreichischen Weinpr\u00e4mierung \u00fcberzeugt und wurden mit Gold pr\u00e4miert \u2013 eine wunderbare Best\u00e4tigung unserer Leidenschaft und Qualit\u00e4t.[\/vc_column_text][\/vc_column][\/vc_row][vc_row dfd_bg_style=&#8220;image&#8220; dfd_bg_image_new=&#8220;5572&#8243; dfd_bg_image_repeat=&#8220;no-repeat&#8220; dfd_bg_img_attach=&#8220;fixed&#8220; dfd_bg_image_position=&#8220;bottom right&#8220; dfd_enable_overlay=&#8220;&#8220; css=&#8220;.vc_custom_1750319519855{padding-bottom: 100px !important;}&#8220; dfd_bg_image_position_mobile=&#8220;-2000px -2000px&#8220;][vc_column][vc_column_text css=&#8220;.vc_custom_1750276579593{padding-top: 40px !important;}&#8220;]<\/p>\n<h3>Wei\u00dfweine:<\/h3>\n<ul>\n<li>Gr\u00fcner Veltliner<\/li>\n<li>DAC Ried Hofgarten (Gold 2025 N\u00d6 Weinpr\u00e4mierung)<\/li>\n<li>DAC Ried M\u00fchlberg (Gold 2025 N\u00d6 Weinpr\u00e4mierung)<\/li>\n<li>Gemischter Satz Ried M\u00fchlberg Classic (Gold 2025 N\u00d6 Weinpr\u00e4mierung):<br \/>\n<em>Wei\u00dfburgunder &#8211; Chardonnay &#8211; Welschriesling &#8211; Gr\u00fcner Veltliner<\/em><\/li>\n<\/ul>\n<h3>Schaumweine:<\/h3>\n<ul>\n<li>Frizzante<\/li>\n<\/ul>\n<h3>Rotweine:<\/h3>\n<ul>\n<li>Zweigelt Patricia<\/li>\n<li>Cuvee Feentanz: <em>Blauer Portugieser &#8211; Zweigelt<\/em><\/li>\n<\/ul>\n<h3>S\u00e4fte:<\/h3>\n<ul>\n<li>Traubensaft Wei\u00df naturtr\u00fcb<\/li>\n<li>Traubensaft Rot naturtr\u00fcb<\/li>\n<\/ul>\n<h3>Lik\u00f6re:<\/h3>\n<ul>\n<li>Rotweinlik\u00f6r<\/li>\n<\/ul>\n<p>[\/vc_column_text][\/vc_column][\/vc_row]<\/p>\n<\/div>","protected":false},"excerpt":{"rendered":"<p>[vc_row dfd_row_config=&#8220;full_width_content&#8220; dfd_row_responsive_enable=&#8220;dfd-row-responsive-enable&#8220; css=&#8220;.vc_custom_1750265189870{padding-top: 170px !important;padding-bottom: 20px !important;}&#8220; responsive_styles=&#8220;padding_top_mobile:10&#8243;][vc_column css=&#8220;.vc_custom_1750149288533{padding-bottom: 0px !important;}&#8220; col_shadow=&#8220;box_shadow_enable:disable|shadow_horizontal:0|shadow_vertical:15|shadow_blur:50|shadow_spread:0|box_shadow_color:rgba(0%2C0%2C0%2C.35)&#8220; col_shadow_hover=&#8220;box_shadow_enable:disable|shadow_horizontal:0|shadow_vertical:15|shadow_blur:50|shadow_spread:0|box_shadow_color:rgba(0%2C0%2C0%2C.35)&#8220;][\/vc_column][\/vc_row][vc_row dfd_bg_style=&#8220;image&#8220; dfd_bg_image_new=&#8220;5572&#8243; dfd_bg_image_repeat=&#8220;no-repeat&#8220; dfd_bg_img_attach=&#8220;fixed&#8220; dfd_bg_image_position=&#8220;bottom right&#8220; dfd_enable_overlay=&#8220;&#8220; css=&#8220;.vc_custom_1750319501679{padding-top: 60px !important;}&#8220; dfd_bg_image_position_mobile=&#8220;-2000px -2000px&#8220;][vc_column col_shadow=&#8220;box_shadow_enable:disable|shadow_horizontal:0|shadow_vertical:15|shadow_blur:50|shadow_spread:0|box_shadow_color:rgba(0%2C0%2C0%2C.35)&#8220; col_shadow_hover=&#8220;box_shadow_enable:disable|shadow_horizontal:0|shadow_vertical:15|shadow_blur:50|shadow_spread:0|box_shadow_color:rgba(0%2C0%2C0%2C.35)&#8220;][\/vc_column][\/vc_row][vc_row dfd_bg_style=&#8220;image&#8220; dfd_bg_image_new=&#8220;5572&#8243;<\/p>\n","protected":false},"author":3,"featured_media":0,"parent":0,"menu_order":0,"comment_status":"closed","ping_status":"closed","template":"page-custom.php","meta":{"footnotes":""},"class_list":["post-5400","page","type-page","status-publish","hentry"],"_links":{"self":[{"href":"https:\/\/www.weingut-hinteregger.at\/AT\/wp-json\/wp\/v2\/pages\/5400","targetHints":{"allow":["GET"]}}],"collection":[{"href":"https:\/\/www.weingut-hinteregger.at\/AT\/wp-json\/wp\/v2\/pages"}],"about":[{"href":"https:\/\/www.weingut-hinteregger.at\/AT\/wp-json\/wp\/v2\/types\/page"}],"author":[{"embeddable":true,"href":"https:\/\/www.weingut-hinteregger.at\/AT\/wp-json\/wp\/v2\/users\/3"}],"replies":[{"embeddable":true,"href":"https:\/\/www.weingut-hinteregger.at\/AT\/wp-json\/wp\/v2\/comments?post=5400"}],"version-history":[{"count":42,"href":"https:\/\/www.weingut-hinteregger.at\/AT\/wp-json\/wp\/v2\/pages\/5400\/revisions"}],"predecessor-version":[{"id":5589,"href":"https:\/\/www.weingut-hinteregger.at\/AT\/wp-json\/wp\/v2\/pages\/5400\/revisions\/5589"}],"wp:attachment":[{"href":"https:\/\/www.weingut-hinteregger.at\/AT\/wp-json\/wp\/v2\/media?parent=5400"}],"curies":[{"name":"wp","href":"https:\/\/api.w.org\/{rel}","templated":true}]}}