{"id":5402,"date":"2025-06-16T18:12:48","date_gmt":"2025-06-16T16:12:48","guid":{"rendered":"https:\/\/www.weingut-hinteregger.at\/AT\/?page_id=5402"},"modified":"2025-06-19T09:51:06","modified_gmt":"2025-06-19T07:51:06","slug":"buschenschank","status":"publish","type":"page","link":"https:\/\/www.weingut-hinteregger.at\/AT\/buschenschank\/","title":{"rendered":"buschenschank"},"content":{"rendered":"<div class=\"wpb-content-wrapper\"><p>[vc_row dfd_row_config=&#8220;full_width_content&#8220; dfd_row_responsive_enable=&#8220;dfd-row-responsive-enable&#8220; css=&#8220;.vc_custom_1750265259438{padding-top: 170px !important;padding-bottom: 20px !important;}&#8220; responsive_styles=&#8220;padding_top_mobile:10&#8243;][vc_column css=&#8220;.vc_custom_1750149288533{padding-bottom: 0px !important;}&#8220; col_shadow=&#8220;box_shadow_enable:disable|shadow_horizontal:0|shadow_vertical:15|shadow_blur:50|shadow_spread:0|box_shadow_color:rgba(0%2C0%2C0%2C.35)&#8220; col_shadow_hover=&#8220;box_shadow_enable:disable|shadow_horizontal:0|shadow_vertical:15|shadow_blur:50|shadow_spread:0|box_shadow_color:rgba(0%2C0%2C0%2C.35)&#8220;]<div id=\"dfd-carousel-69f4548c8924f\" class=\"dfd-carousel-wrapper\"><div class=\"dfd-carousel-module-wrapper  dfd-carousel-horizontal dfd-arrows_aside2 dfd-keep-arrows dfd-arrows-style_3 dfd-arrows-enabled\" ><div class=\"dfd-carousel\">[vc_single_image image=&#8220;5508&#8243; img_size=&#8220;full&#8220; onclick=&#8220;link_image&#8220;][vc_single_image image=&#8220;5509&#8243; img_size=&#8220;full&#8220; onclick=&#8220;link_image&#8220;][vc_single_image image=&#8220;5510&#8243; img_size=&#8220;full&#8220; onclick=&#8220;link_image&#8220;][vc_single_image image=&#8220;5511&#8243; img_size=&#8220;full&#8220; onclick=&#8220;link_image&#8220;][vc_single_image image=&#8220;5512&#8243; img_size=&#8220;full&#8220; onclick=&#8220;link_image&#8220;][vc_single_image image=&#8220;5513&#8243; img_size=&#8220;full&#8220; onclick=&#8220;link_image&#8220;]<\/div><a href=\"#\" class=\"dfd-slider-control prev\" title=\"Previous slide\"><i class=\"dfd-added-font-icon-left-open2\"><\/i><\/a><a href=\"#\" class=\"dfd-slider-control next\" title=\"Next slide\"><i class=\"dfd-added-font-icon-right-open2\"><\/i><\/a><\/div>\t\t\t\t<script type=\"text\/javascript\">\r\n\t\t\t\t\t(function($) {\r\n\t\t\t\t\t\t\"use strict\";\r\n\t\t\t\t\t\tvar $carousel = $('#dfd-carousel-69f4548c8924f').find('.dfd-carousel');\r\n\t\t\t\t\t\t$(document).ready(function() {\r\n\t\t\t\t\t\t\tvar $initialized = ($('body').hasClass('page-template-tmp-side-by-side')) ? $carousel.not('.slick-initialized') : $carousel;\r\n\t\t\t\t\t\t\t\t\t\t\t\t\t\t$carousel.siblings('.dfd-slider-control.prev').click(function(e) {\r\n\t\t\t\t\t\t\t\te.preventDefault();\r\n\t\t\t\t\t\t\t\t$carousel.eq(0).slick('slickPrev');\r\n\t\t\t\t\t\t\t});\r\n\t\t\t\t\t\t\t$carousel.siblings('.dfd-slider-control.next').click(function(e) {\r\n\t\t\t\t\t\t\t\te.preventDefault();\r\n\t\t\t\t\t\t\t\t$carousel.eq(0).slick('slickNext');\r\n\t\t\t\t\t\t\t});\r\n\t\t\t\t\t\t\t$initialized.slick({arrows: false,dotsClass: 'dfd-slick-dots',slidesToScroll: 1,autoplay: true,autoplaySpeed: 5000,dots: false,infinite: true,slidesToShow: 3,speed: 300,swipe: true,draggable: true,adaptiveHeight: true,responsive: [\r\n\t\t\t\t\t\t\t{\r\n\t\t\t\t\t\t\t\tbreakpoint: 1024,\r\n\t\t\t\t\t\t\t\tsettings: {\r\n\t\t\t\t\t\t\t\t\tslidesToShow: 3,\r\n\t\t\t\t\t\t\t\t\tslidesToScroll: 1,\r\n\t\t\t\t\t\t\t\t}\r\n\t\t\t\t\t\t\t},\r\n\t\t\t\t\t\t\t{\r\n\t\t\t\t\t\t\t\tbreakpoint: 800,\r\n\t\t\t\t\t\t\t\tsettings: {\r\n\t\t\t\t\t\t\t\t\tslidesToShow: 2,\r\n\t\t\t\t\t\t\t\t\tslidesToScroll: 1,\r\n\t\t\t\t\t\t\t\t}\r\n\t\t\t\t\t\t\t},\r\n\t\t\t\t\t\t\t{\r\n\t\t\t\t\t\t\t\tbreakpoint: 480,\r\n\t\t\t\t\t\t\t\tsettings: {\r\n\t\t\t\t\t\t\t\t\tslidesToShow: 1,\r\n\t\t\t\t\t\t\t\t\tslidesToScroll: 1,\r\n\t\t\t\t\t\t\t\t}\r\n\t\t\t\t\t\t\t},]});\r\n\t\t\t\t\t\t\t$(\"head\").append(\"<style>#dfd-carousel-69f4548c8924f .dfd-arrows-style_3 .dfd-slider-control:after, #dfd-carousel-69f4548c8924f .dfd-arrows-style_4 .dfd-slider-control:after, #dfd-carousel-69f4548c8924f .dfd-arrows-style_5 .dfd-slider-control {background: #ffffff}#dfd-carousel-69f4548c8924f > .dfd-carousel-module-wrapper > .dfd-carousel > .slick-list > .slick-track > .dfd-item-wrap > .cover {padding: 10px;}#dfd-carousel-69f4548c8924f {margin: -10px;}#dfd-carousel-69f4548c8924f .dfd-slider-control i, #dfd-carousel-69f4548c8924f .dfd-slider-control .count, #dfd-carousel-69f4548c8924f .dfd-arrows-style_1 .dfd-slider-control:after {color: #000000;}#dfd-carousel-69f4548c8924f .dfd-arrows-style_1 .dfd-slider-control:after, #dfd-carousel-69f4548c8924f .dfd-arrows-style_5 .dfd-slider-control:after {background: #000000;}<\/style>\")\t\t\t\t\t\t});\r\n\t\t\t\t\t})(jQuery);\r\n\t\t\t\t<\/script>\r\n            <\/div>[\/vc_column][\/vc_row][vc_row dfd_bg_style=&#8220;image&#8220; dfd_bg_image_new=&#8220;5572&#8243; dfd_bg_image_repeat=&#8220;no-repeat&#8220; dfd_bg_img_attach=&#8220;fixed&#8220; dfd_bg_image_position=&#8220;bottom right&#8220; dfd_enable_overlay=&#8220;&#8220; css=&#8220;.vc_custom_1750319434727{padding-top: 60px !important;}&#8220; dfd_bg_image_position_mobile=&#8220;-2000px -2000px&#8220;][vc_column col_shadow=&#8220;box_shadow_enable:disable|shadow_horizontal:0|shadow_vertical:15|shadow_blur:50|shadow_spread:0|box_shadow_color:rgba(0%2C0%2C0%2C.35)&#8220; col_shadow_hover=&#8220;box_shadow_enable:disable|shadow_horizontal:0|shadow_vertical:15|shadow_blur:50|shadow_spread:0|box_shadow_color:rgba(0%2C0%2C0%2C.35)&#8220;]<div class=\"dfd-heading-shortcode\"><div class=\"dfd-heading-module-wrap  text-center style_01 dfd-heading-69f4548c892ee dfd-disable-resposive-headings\" id=\"dfd-heading-69f4548c892ee\" ><div class=\"inline-block\"><div class=\"dfd-heading-module\"><h1 class=\"widget-title dfd-title \" style=\"font-size: 130px; color: #475e41 !important; line-height: 100px; \">Ein Buschenschank<br \/>\n<\/h1><h2 class=\"widget-sub-title dfd-sub-title \" style=\"color: #475e41 !important; \">zum Wohlf\u00fchlen<\/h2><div class=\"dfd-heading-delimiter\"><\/div><\/div><\/div><\/div><script type=\"text\/javascript\">\r\n\t\t\t\t\t\t\t\t\t(function($) {\r\n\t\t\t\t\t\t\t\t\t\t$(\"head\").append(\"<style>.dfd-heading-69f4548c892ee.dfd-heading-module-wrap .dfd-heading-module .dfd-heading-delimiter {border-bottom-style:solid;border-bottom-width:1px;width:200px;border-bottom-color:#475e41;}.dfd-heading-69f4548c892ee.dfd-heading-module-wrap .dfd-heading-module .dfd-heading-delimiter {margin-top:20px;margin-bottom:20px;}@media (max-width: 1279px) and (min-width: 1024px){.dfd-heading-69f4548c892ee .dfd-title{font-size: 170px !important;line-height: 200px !important;}}@media (max-width: 1023px) and (min-width: 800px){.dfd-heading-69f4548c892ee .dfd-title{font-size: 100px !important;line-height: 170px !important;}}@media (max-width: 799px){.dfd-heading-69f4548c892ee .dfd-title{font-size: 74px !important;line-height: 100px !important;}}@media (max-width: 799px){.dfd-heading-69f4548c892ee .dfd-sub-title{font-size: 28px !important;}}<\/style>\");\r\n\t\t\t\t\t\t\t\t\t})(jQuery);\r\n\t\t\t\t\t\t\t\t<\/script><\/div>[\/vc_column][\/vc_row][vc_row dfd_bg_style=&#8220;image&#8220; dfd_bg_image_new=&#8220;5572&#8243; dfd_bg_image_repeat=&#8220;no-repeat&#8220; dfd_bg_img_attach=&#8220;fixed&#8220; dfd_bg_image_position=&#8220;bottom right&#8220; dfd_enable_overlay=&#8220;&#8220; css=&#8220;.vc_custom_1750319453402{padding-bottom: 100px !important;}&#8220; dfd_bg_image_position_mobile=&#8220;-2000px -2000px&#8220;][vc_column][vc_column_text css=&#8220;.vc_custom_1750229368121{padding-top: 40px !important;}&#8220;]Unser Heuriger liegt in einer ruhigen idyllischen Kellergasse, abseits vom Verkehr. Gesch\u00e4tzt wird von unseren G\u00e4sten zur warmen Jahreszeit der Gartenbetrieb. Nahe Rad- und Wanderwege laden zu einem Ausflug in die Umgebung ein. Auf Wunsch organisieren wir f\u00fcr Gruppen Weinverkostungen mit Jause; Reservierungen f\u00fcr Busse nehmen wir gerne an.<\/p>\n<p>Neben den traditionellen Heurigenspeisen, wie Geselchtes, Bauernspeck, Pfefferspeck, verschiedenen Sorten Aufstrich uvm., warten noch einige andere Spezialit\u00e4ten auf Sie: z.B. unser &#8222;K\u00e4lbergartenbrot&#8220; mit Bratenfett, verschiedenen Fleischsorten und reichlicher Garnierung. F\u00fcr den s\u00fc\u00dfen Appetit servieren wir auch verschiedene hausgemachte Mehlspeisen.<\/p>\n<p>Die Adresse unseres Buschenschanks: K\u00e4lbergarten, A-3714 Sitzendorf a. d. Schmida[\/vc_column_text][\/vc_column][\/vc_row][vc_row dfd_bg_style=&#8220;image&#8220; dfd_bg_image_new=&#8220;5572&#8243; dfd_bg_image_repeat=&#8220;no-repeat&#8220; dfd_bg_img_attach=&#8220;fixed&#8220; dfd_bg_image_position=&#8220;bottom right&#8220; css=&#8220;.vc_custom_1750319462491{padding-bottom: 100px !important;}&#8220; dfd_bg_image_position_mobile=&#8220;-2000px -2000px&#8220;][vc_column width=&#8220;1\/2&#8243;][vc_raw_html]JTNDaWZyYW1lJTIwc3JjJTNEJTIyaHR0cHMlM0ElMkYlMkZ3d3cuZ29vZ2xlLmNvbSUyRm1hcHMlMkZlbWJlZCUzRnBiJTNEJTIxMW0xOCUyMTFtMTIlMjExbTMlMjExZDE4NjcuNDYwNTcwNTcxODg1NSUyMTJkMTUuOTQwODY4MDQxMDQzMDA0JTIxM2Q0OC41OTQ5NTg3NDA1MjkxMiUyMTJtMyUyMTFmMCUyMTJmMCUyMTNmMCUyMTNtMiUyMTFpMTAyNCUyMTJpNzY4JTIxNGYxMy4xJTIxM20zJTIxMW0yJTIxMXMweDQ3NmQ1ZTE1ZTA0NzhlNDElMjUzQTB4YjNlMmFiNWU4ZWU2NTg2OSUyMTJzQnVzY2hlbnNjaGFuayUyNTIwLSUyNTIwV2Vpbmd1dCUyNTIwSGludGVyZWdnZXIlMjE1ZTAlMjEzbTIlMjExc2RlJTIxMnNhdCUyMTR2MTc1MDIyOTc2NzgxNSUyMTVtMiUyMTFzZGUlMjEyc2F0JTIyJTIwd2lkdGglM0QlMjIxMDAlMjUlMjIlMjBoZWlnaHQlM0QlMjI0NTAlMjIlMjBzdHlsZSUzRCUyMmJvcmRlciUzQTAlM0IlMjIlMjBhbGxvd2Z1bGxzY3JlZW4lM0QlMjIlMjIlMjBsb2FkaW5nJTNEJTIybGF6eSUyMiUyMHJlZmVycmVycG9saWN5JTNEJTIybm8tcmVmZXJyZXItd2hlbi1kb3duZ3JhZGUlMjIlM0UlM0MlMkZpZnJhbWUlM0U=[\/vc_raw_html][\/vc_column][vc_column width=&#8220;1\/2&#8243; dfd_column_responsive_enable=&#8220;dfd-column-responsive-enable&#8220; col_shadow=&#8220;box_shadow_enable:disable|shadow_horizontal:0|shadow_vertical:15|shadow_blur:50|shadow_spread:0|box_shadow_color:rgba(0%2C0%2C0%2C.35)&#8220; col_shadow_hover=&#8220;box_shadow_enable:disable|shadow_horizontal:0|shadow_vertical:15|shadow_blur:50|shadow_spread:0|box_shadow_color:rgba(0%2C0%2C0%2C.35)&#8220; responsive_styles=&#8220;padding_top_mobile:40&#8243;][vc_column_text]<\/p>\n<h5>Ausgsteckt is:<\/h5>\n<p>J\u00e4nner: 10.01 &#8211; 26.01.2025<br \/>\njeweils von Freitag bis Sonntag<\/p>\n<p>Juni: 12.06 &#8211; 22.06.2025<br \/>\njeweils von Donnerstag bis Sonntag<\/p>\n<p>August: 01.08 &#8211; 17.08.2025<br \/>\njeweils von Freitag bis Sonntag<\/p>\n<p>Oktober: 10.10 &#8211; 19.10.2025<br \/>\njeweils von Freitag bis Sonntag[\/vc_column_text][\/vc_column][\/vc_row]<\/p>\n<\/div>","protected":false},"excerpt":{"rendered":"<p>[vc_row dfd_row_config=&#8220;full_width_content&#8220; dfd_row_responsive_enable=&#8220;dfd-row-responsive-enable&#8220; css=&#8220;.vc_custom_1750265259438{padding-top: 170px !important;padding-bottom: 20px !important;}&#8220; responsive_styles=&#8220;padding_top_mobile:10&#8243;][vc_column css=&#8220;.vc_custom_1750149288533{padding-bottom: 0px !important;}&#8220; col_shadow=&#8220;box_shadow_enable:disable|shadow_horizontal:0|shadow_vertical:15|shadow_blur:50|shadow_spread:0|box_shadow_color:rgba(0%2C0%2C0%2C.35)&#8220; col_shadow_hover=&#8220;box_shadow_enable:disable|shadow_horizontal:0|shadow_vertical:15|shadow_blur:50|shadow_spread:0|box_shadow_color:rgba(0%2C0%2C0%2C.35)&#8220;][\/vc_column][\/vc_row][vc_row dfd_bg_style=&#8220;image&#8220; dfd_bg_image_new=&#8220;5572&#8243; dfd_bg_image_repeat=&#8220;no-repeat&#8220; dfd_bg_img_attach=&#8220;fixed&#8220; dfd_bg_image_position=&#8220;bottom right&#8220; dfd_enable_overlay=&#8220;&#8220; css=&#8220;.vc_custom_1750319434727{padding-top: 60px !important;}&#8220; dfd_bg_image_position_mobile=&#8220;-2000px -2000px&#8220;][vc_column col_shadow=&#8220;box_shadow_enable:disable|shadow_horizontal:0|shadow_vertical:15|shadow_blur:50|shadow_spread:0|box_shadow_color:rgba(0%2C0%2C0%2C.35)&#8220; col_shadow_hover=&#8220;box_shadow_enable:disable|shadow_horizontal:0|shadow_vertical:15|shadow_blur:50|shadow_spread:0|box_shadow_color:rgba(0%2C0%2C0%2C.35)&#8220;][\/vc_column][\/vc_row][vc_row dfd_bg_style=&#8220;image&#8220; dfd_bg_image_new=&#8220;5572&#8243;<\/p>\n","protected":false},"author":3,"featured_media":0,"parent":0,"menu_order":0,"comment_status":"closed","ping_status":"closed","template":"page-custom.php","meta":{"footnotes":""},"class_list":["post-5402","page","type-page","status-publish","hentry"],"_links":{"self":[{"href":"https:\/\/www.weingut-hinteregger.at\/AT\/wp-json\/wp\/v2\/pages\/5402","targetHints":{"allow":["GET"]}}],"collection":[{"href":"https:\/\/www.weingut-hinteregger.at\/AT\/wp-json\/wp\/v2\/pages"}],"about":[{"href":"https:\/\/www.weingut-hinteregger.at\/AT\/wp-json\/wp\/v2\/types\/page"}],"author":[{"embeddable":true,"href":"https:\/\/www.weingut-hinteregger.at\/AT\/wp-json\/wp\/v2\/users\/3"}],"replies":[{"embeddable":true,"href":"https:\/\/www.weingut-hinteregger.at\/AT\/wp-json\/wp\/v2\/comments?post=5402"}],"version-history":[{"count":19,"href":"https:\/\/www.weingut-hinteregger.at\/AT\/wp-json\/wp\/v2\/pages\/5402\/revisions"}],"predecessor-version":[{"id":5588,"href":"https:\/\/www.weingut-hinteregger.at\/AT\/wp-json\/wp\/v2\/pages\/5402\/revisions\/5588"}],"wp:attachment":[{"href":"https:\/\/www.weingut-hinteregger.at\/AT\/wp-json\/wp\/v2\/media?parent=5402"}],"curies":[{"name":"wp","href":"https:\/\/api.w.org\/{rel}","templated":true}]}}